{"id":978,"date":"2020-10-22T00:57:14","date_gmt":"2020-10-22T00:57:14","guid":{"rendered":"https:\/\/www.omnibuslib.ca\/?page_id=978"},"modified":"2020-11-13T15:59:12","modified_gmt":"2020-11-13T15:59:12","slug":"chapitre-4-omnibus-assemble","status":"publish","type":"page","link":"https:\/\/www.omnibuslib.ca\/?page_id=978&lang=fr","title":{"rendered":"Chapitre #4 Omnibus Assemble"},"content":{"rendered":"<p>[vc_row full_width=&#8221;stretch_row&#8221; gap=&#8221;3&#8243; full_height=&#8221;yes&#8221; equal_height=&#8221;yes&#8221; kd_image_overlay_color=&#8221;rgba(0,0,0,0.16)&#8221; kd_image_overlay=&#8221;true&#8221; css=&#8221;.vc_custom_1605189075557{padding-top: 20px !important;padding-bottom: 20px !important;background-image: url(https:\/\/www.omnibuslib.ca\/wp-content\/uploads\/2020\/10\/2288512-jack1794.jpg?id=680) !important;}&#8221;][vc_column width=&#8221;1\/2&#8243; css=&#8221;.vc_custom_1605189054625{padding-top: 10px !important;padding-bottom: 10px !important;background-color: #ffffff !important;}&#8221;][vc_custom_heading text=&#8221;C&#8217;EST LE MOMENT DE NOUS CONTACTER VOYAGEUR&#8221; font_container=&#8221;tag:h2|text_align:center|color:%23000000&#8243; google_fonts=&#8221;font_family:Marcellus%20SC%3Aregular|font_style:400%20regular%3A400%3Anormal&#8221;][vc_custom_heading text=&#8221;Si vous avez besoin de plus d\u2019informations sur notre magasin, nos heures d\u2019ouverture et tous les \u00e9v\u00e9nements que nous pourrions faire, contactez-nous, envoyez-nous un courriel et nous vous recontacterons dans les 48 heures.&#8221; font_container=&#8221;tag:p|text_align:left|color:%23000000&#8243; use_theme_fonts=&#8221;yes&#8221;][vc_empty_space height=&#8221;20px&#8221;][tek_contactform contact_form_id=&#8221;6&#8243; contact_form_style=&#8221;full-width-cf&#8221; contact_form_bg=&#8221;&#8221; contact_form_label_color=&#8221;&#8221; css_animation=&#8221;&#8221;][vc_empty_space][vc_single_image image=&#8221;416&#8243; img_size=&#8221;large&#8221; alignment=&#8221;right&#8221; style=&#8221;vc_box_shadow_3d&#8221;][vc_empty_space height=&#8221;10px&#8221;][\/vc_column][vc_column width=&#8221;1\/2&#8243;][vc_custom_heading text=&#8221;Appelez-nous ou passez \u00e0 tout moment, nous nous effor\u00e7ons de r\u00e9pondre \u00e0 toutes les demandes dans les 24 heures les jours ouvrables.&#8221; font_container=&#8221;tag:h2|font_size:26|text_align:center|color:%23ffffff&#8221; google_fonts=&#8221;font_family:Marcellus%20SC%3Aregular|font_style:400%20regular%3A400%3Anormal&#8221; css=&#8221;.vc_custom_1605187980587{padding-top: 10px !important;padding-right: 5px !important;padding-bottom: 10px !important;padding-left: 5px !important;background-color: #000000 !important;border-radius: 5px !important;}&#8221;][vc_empty_space height=&#8221;20px&#8221;][vc_custom_heading text=&#8221;Notre objectif est de vous aider \u00e0 trouver ce que vous voulez et de r\u00e9pondre \u00e0 vos go\u00fbts. Si nous ne l\u2019avons pas, mais nous pouvons l\u2019obtenir et le commander pour vous, ne soyez pas timide et parlons ensemble!&#8221; font_container=&#8221;tag:p|font_size:18|text_align:justify|color:%23ffffff&#8221; use_theme_fonts=&#8221;yes&#8221; css=&#8221;.vc_custom_1605188014788{padding-top: 5px !important;padding-right: 5px !important;padding-bottom: 5px !important;padding-left: 5px !important;background-color: #000000 !important;border-radius: 5px !important;}&#8221;][vc_empty_space height=&#8221;20px&#8221;][vc_custom_heading text=&#8221;Notre librairie est pour les collectionneurs et les fans occasionnels. Voyons si on ne peut pas avoir ce livre sp\u00e9cial que vous voulez vraiment. Et si vous avez quelque chose dans votre collection que vous voulez vendre, nous pouvons prendre un rendez-vous \u00e0 notre magasin. Si nous ne l\u2019avons pas, mais vous l&#8217;avez, il y a s\u00fbrement quelqu\u2019un qui est probablement \u00e0 la recherche de cet item.&#8221; font_container=&#8221;tag:p|font_size:18|text_align:justify|color:%23ffffff&#8221; use_theme_fonts=&#8221;yes&#8221; css=&#8221;.vc_custom_1605188027222{padding-top: 5px !important;padding-right: 5px !important;padding-bottom: 5px !important;padding-left: 5px !important;background-color: #000000 !important;border-radius: 5px !important;}&#8221;][vc_empty_space height=&#8221;20px&#8221;][vc_custom_heading text=&#8221;Librairie Omnibus est pour tout le monde et nous voulons que vous soyez heureux avec tout ce que vous avez trouv\u00e9 avec nous. D\u2019un livre, \u00e0 une s\u00e9rie enti\u00e8re ou cette grande pi\u00e8ce de collection pour votre maison. Nous sommes ici. OMNIBUS ASSEMBLE!!!!&#8221; font_container=&#8221;tag:p|font_size:18|text_align:justify|color:%23ffffff&#8221; use_theme_fonts=&#8221;yes&#8221; css=&#8221;.vc_custom_1605188046413{padding-top: 5px !important;padding-right: 5px !important;padding-bottom: 5px !important;padding-left: 5px !important;background-color: #000000 !important;border-radius: 5px !important;}&#8221;][vc_empty_space height=&#8221;20px&#8221;][vc_custom_heading text=&#8221;T\u00e9l\u00e9phone +1 (514) 844-0748&#8243; font_container=&#8221;tag:p|font_size:18|text_align:center|color:%23ffffff&#8221; use_theme_fonts=&#8221;yes&#8221; css=&#8221;.vc_custom_1605188079636{padding-top: 5px !important;padding-right: 5px !important;padding-bottom: 5px !important;padding-left: 5px !important;background-color: #000000 !important;border-radius: 5px !important;}&#8221;][vc_custom_heading text=&#8221;Heures d&#8217;ouverture:<br \/>\nLundi 11h00\u201319h00<br \/>\nMardi 11h00\u201319h00<br \/>\nMercredi 11h00\u201319h00<br \/>\nJeudi 11h00\u201319h00<br \/>\nVendredi 11h00\u201319h00<br \/>\nSamedi 11h00\u201319h00<br \/>\nDimanche Ferm\u00e9&#8221; font_container=&#8221;tag:p|font_size:18|text_align:center|color:%23ffffff&#8221; use_theme_fonts=&#8221;yes&#8221; css=&#8221;.vc_custom_1605201314149{padding-top: 5px !important;padding-right: 5px !important;padding-bottom: 5px !important;padding-left: 5px !important;background-color: #000000 !important;border-radius: 5px !important;}&#8221;][\/vc_column][\/vc_row][vc_row full_width=&#8221;stretch_row_content_no_spaces&#8221; css=&#8221;.vc_custom_1604349245655{padding-top: 20px !important;padding-bottom: 60px !important;background-color: #000000 !important;}&#8221;][vc_column width=&#8221;1\/4&#8243;][\/vc_column][vc_column width=&#8221;1\/4&#8243;]<div class=\"kd-photobox  \" ><div class=\"photobox-img\"><img loading=\"lazy\" decoding=\"async\" width=\"480\" height=\"640\" src=\"https:\/\/www.omnibuslib.ca\/wp-content\/uploads\/2020\/10\/GIF-PAGE-5-A-.gif\" class=\"attachment-full\" alt=\"\" \/><\/div><div class=\"phb-content text-center \" >\n                  <h4 >Welcome to Omnibus Bookstore!!! <\/h4>\n                  <p ><\/p><\/div><\/div>[\/vc_column][vc_column width=&#8221;1\/4&#8243;]<div class=\"kd-photobox  \" ><div class=\"photobox-img\"><img loading=\"lazy\" decoding=\"async\" width=\"640\" height=\"480\" src=\"https:\/\/www.omnibuslib.ca\/wp-content\/uploads\/2020\/10\/GIF-PAGE-5-B-1.gif\" class=\"attachment-full\" alt=\"\" \/><\/div><div class=\"phb-content text-center \" >\n                  <h4 >Librairie Omnibus vous attends!!!<\/h4>\n                  <p ><\/p><\/div><\/div>[\/vc_column][vc_column width=&#8221;1\/4&#8243;][\/vc_column][\/vc_row]<\/p>\n","protected":false},"excerpt":{"rendered":"<p>[vc_row full_width=&#8221;stretch_row&#8221; gap=&#8221;3&#8243; full_height=&#8221;yes&#8221; equal_height=&#8221;yes&#8221; kd_image_overlay_color=&#8221;rgba(0,0,0,0.16)&#8221; kd_image_overlay=&#8221;true&#8221; css=&#8221;.vc_custom_1605189075557{padding-top: 20px !important;padding-bottom: 20px !important;background-image: url(https:\/\/www.omnibuslib.ca\/wp-content\/uploads\/2020\/10\/2288512-jack1794.jpg?id=680) !important;}&#8221;][vc_column width=&#8221;1\/2&#8243; css=&#8221;.vc_custom_1605189054625{padding-top: 10px !important;padding-bottom: 10px !important;background-color: #ffffff !important;}&#8221;][vc_custom_heading text=&#8221;C&#8217;EST LE MOMENT DE NOUS [&hellip;]<\/p>\n","protected":false},"author":1,"featured_media":0,"parent":0,"menu_order":0,"comment_status":"closed","ping_status":"closed","template":"","meta":{"_exactmetrics_skip_tracking":false,"_exactmetrics_sitenote_active":false,"_exactmetrics_sitenote_note":"","_exactmetrics_sitenote_category":0,"footnotes":""},"class_list":["post-978","page","type-page","status-publish","hentry"],"_links":{"self":[{"href":"https:\/\/www.omnibuslib.ca\/index.php?rest_route=\/wp\/v2\/pages\/978","targetHints":{"allow":["GET"]}}],"collection":[{"href":"https:\/\/www.omnibuslib.ca\/index.php?rest_route=\/wp\/v2\/pages"}],"about":[{"href":"https:\/\/www.omnibuslib.ca\/index.php?rest_route=\/wp\/v2\/types\/page"}],"author":[{"embeddable":true,"href":"https:\/\/www.omnibuslib.ca\/index.php?rest_route=\/wp\/v2\/users\/1"}],"replies":[{"embeddable":true,"href":"https:\/\/www.omnibuslib.ca\/index.php?rest_route=%2Fwp%2Fv2%2Fcomments&post=978"}],"version-history":[{"count":11,"href":"https:\/\/www.omnibuslib.ca\/index.php?rest_route=\/wp\/v2\/pages\/978\/revisions"}],"predecessor-version":[{"id":1293,"href":"https:\/\/www.omnibuslib.ca\/index.php?rest_route=\/wp\/v2\/pages\/978\/revisions\/1293"}],"wp:attachment":[{"href":"https:\/\/www.omnibuslib.ca\/index.php?rest_route=%2Fwp%2Fv2%2Fmedia&parent=978"}],"curies":[{"name":"wp","href":"https:\/\/api.w.org\/{rel}","templated":true}]}}