{"id":970,"date":"2020-10-21T23:51:38","date_gmt":"2020-10-21T23:51:38","guid":{"rendered":"https:\/\/www.omnibuslib.ca\/?page_id=970"},"modified":"2020-11-12T20:32:08","modified_gmt":"2020-11-12T20:32:08","slug":"chapitre-3-passerelle-des-services","status":"publish","type":"page","link":"https:\/\/www.omnibuslib.ca\/?page_id=970&lang=fr","title":{"rendered":"Chapitre #3 Passerelle des services"},"content":{"rendered":"<p>[vc_row css=&#8221;.vc_custom_1603054660151{margin-bottom: 32px !important;}&#8221;][vc_column width=&#8221;1\/6&#8243;][\/vc_column][vc_column width=&#8221;2\/3&#8243;][vc_custom_heading text=&#8221;Il y a beaucoup de choses que nous pouvons faire pour vous en tant que client. C\u2019est votre multiverse de services.&#8221; font_container=&#8221;tag:h3|font_size:30|text_align:center|color:%23022539&#8243; google_fonts=&#8221;font_family:Black%20Ops%20One%3Aregular|font_style:400%20regular%3A400%3Anormal&#8221;][vc_column_text]<\/p>\n<h5 style=\"text-align: center;\">Dans cette section, les nouveaux lecteurs, les lecteurs occasionnels et les collectionneurs trouveront un endroit pour commander des livres. Nous avons plusieurs services qui peuvent vous aider.<\/h5>\n<p>[\/vc_column_text][\/vc_column][vc_column width=&#8221;1\/6&#8243;][\/vc_column][\/vc_row][vc_row full_width=&#8221;stretch_row&#8221; gap=&#8221;5&#8243; full_height=&#8221;yes&#8221; equal_height=&#8221;yes&#8221; css=&#8221;.vc_custom_1605189774775{margin-top: 20px !important;padding-top: 100px !important;padding-bottom: 100px !important;background-image: url(https:\/\/www.omnibuslib.ca\/wp-content\/uploads\/2020\/10\/cadre-2Fichier-8-50-1.jpg?id=541) !important;background-position: center !important;background-repeat: no-repeat !important;background-size: cover !important;}&#8221;][vc_column width=&#8221;1\/2&#8243;][vc_custom_heading text=&#8221;Avec nous, nous nous assurons de vous tenir au courant des nouveaux livres entrants et nous vous remettrons en ordre des d\u00e9j\u00e0 publier que vous recherchez.&#8221; font_container=&#8221;tag:p|font_size:18px|text_align:left|color:%23022539&#8243; google_fonts=&#8221;font_family:Orbitron%3Aregular%2C500%2C700%2C900|font_style:400%20regular%3A400%3Anormal&#8221; css=&#8221;.vc_custom_1605189539082{padding-top: 10px !important;padding-right: 5px !important;padding-bottom: 10px !important;padding-left: 5px !important;background-color: #ffffff !important;border-radius: 4px !important;}&#8221;][\/vc_column][vc_column width=&#8221;1\/2&#8243;][vc_custom_heading text=&#8221;La meilleure fa\u00e7on de ne jamais manquer un livre avec nous est le lien Aper\u00e7u. Comme nous l&#8217;avons dit, la pr\u00e9-commande est roi. Voyez-le, voulez-le, commandez-le et obtenez-le quand il sera sorti.&#8221; font_container=&#8221;tag:p|font_size:18px|text_align:right|color:%23022539&#8243; google_fonts=&#8221;font_family:Orbitron%3Aregular%2C500%2C700%2C900|font_style:400%20regular%3A400%3Anormal&#8221; css=&#8221;.vc_custom_1605189518268{padding-top: 10px !important;padding-right: 5px !important;padding-bottom: 10px !important;padding-left: 5px !important;background-color: #ffffff !important;border-radius: 4px !important;}&#8221;][\/vc_column][\/vc_row][vc_row][vc_column][vc_custom_heading text=&#8221;Nouveaux arrivages&#8221; font_container=&#8221;tag:h3|font_size:30|text_align:center|color:%23022539&#8243; google_fonts=&#8221;font_family:Black%20Ops%20One%3Aregular|font_style:400%20regular%3A400%3Anormal&#8221; css=&#8221;.vc_custom_1605185838282{margin-top: 60px !important;}&#8221;][vc_row_inner][vc_column_inner width=&#8221;1\/6&#8243;][\/vc_column_inner][vc_column_inner width=&#8221;2\/3&#8243;][vc_column_text]<\/p>\n<h5 style=\"text-align: center;\">Ici, vous pourrez voir les derniers arrivants de l&#8217;industrie de la bande dessin\u00e9e et vous assurer que vous pouvez pr\u00e9-commander ces nouveaux livres. Vous pouvez \u00e9galement nous indiquer les livres actuels que vous souhaitez ajouter \u00e0 votre liste et les livres plus anciens que vous souhaitez que nous recherchions.<\/h5>\n<p>[\/vc_column_text][\/vc_column_inner][vc_column_inner width=&#8221;1\/6&#8243;][\/vc_column_inner][\/vc_row_inner][\/vc_column][\/vc_row][vc_row content_placement=&#8221;middle&#8221; css=&#8221;.vc_custom_1605186788528{margin-top: 60px !important;}&#8221;][vc_column width=&#8221;1\/3&#8243;][vc_single_image image=&#8221;865&#8243; img_size=&#8221;medium&#8221; alignment=&#8221;center&#8221; css=&#8221;.vc_custom_1604286213756{padding-bottom: 20px !important;}&#8221;][\/vc_column][vc_column width=&#8221;1\/3&#8243;][vc_single_image image=&#8221;871&#8243; img_size=&#8221;medium&#8221; alignment=&#8221;center&#8221; css=&#8221;.vc_custom_1605212834093{padding-bottom: 20px !important;}&#8221;][\/vc_column][vc_column width=&#8221;1\/3&#8243;][vc_single_image image=&#8221;869&#8243; img_size=&#8221;medium&#8221; alignment=&#8221;center&#8221; css=&#8221;.vc_custom_1604286222959{padding-bottom: 20px !important;}&#8221;][\/vc_column][\/vc_row][vc_row content_placement=&#8221;middle&#8221;][vc_column width=&#8221;1\/3&#8243;][vc_single_image image=&#8221;1166&#8243; img_size=&#8221;medium&#8221; alignment=&#8221;center&#8221; css=&#8221;.vc_custom_1605186008007{padding-bottom: 20px !important;}&#8221;][\/vc_column][vc_column width=&#8221;1\/3&#8243;][vc_single_image image=&#8221;873&#8243; img_size=&#8221;medium&#8221; alignment=&#8221;center&#8221; css=&#8221;.vc_custom_1604286240088{padding-bottom: 20px !important;}&#8221;][\/vc_column][vc_column width=&#8221;1\/3&#8243;][vc_single_image image=&#8221;875&#8243; img_size=&#8221;medium&#8221; alignment=&#8221;center&#8221;][\/vc_column][\/vc_row][vc_row][vc_column][vc_empty_space height=&#8221;50px&#8221;][vc_custom_heading text=&#8221;Nos services sont les suivants:&#8221; font_container=&#8221;tag:h3|font_size:28|text_align:center|color:%23022539&#8243; google_fonts=&#8221;font_family:Black%20Ops%20One%3Aregular|font_style:400%20regular%3A400%3Anormal&#8221;][vc_empty_space height=&#8221;50px&#8221;][\/vc_column][\/vc_row][vc_row full_width=&#8221;stretch_row&#8221; equal_height=&#8221;yes&#8221; css=&#8221;.vc_custom_1605186932324{margin-top: 20px !important;padding-bottom: 20px !important;}&#8221;][vc_column width=&#8221;1\/3&#8243; css=&#8221;.vc_custom_1515686533635{padding-right: 0px !important;padding-left: 0px !important;}&#8221;]<div class=\"kd-photobox  \" ><a href=\"#1602289451771-7f808b61-4f9c\"  title=\"\"><div class=\"photobox-img\"><img loading=\"lazy\" decoding=\"async\" width=\"2560\" height=\"1440\" src=\"https:\/\/www.omnibuslib.ca\/wp-content\/uploads\/2020\/10\/Case-1_-scaled.jpg\" class=\"attachment-full\" alt=\"\" srcset=\"https:\/\/www.omnibuslib.ca\/wp-content\/uploads\/2020\/10\/Case-1_-scaled.jpg 2560w, https:\/\/www.omnibuslib.ca\/wp-content\/uploads\/2020\/10\/Case-1_-300x169.jpg 300w, https:\/\/www.omnibuslib.ca\/wp-content\/uploads\/2020\/10\/Case-1_-1024x576.jpg 1024w, https:\/\/www.omnibuslib.ca\/wp-content\/uploads\/2020\/10\/Case-1_-768x432.jpg 768w, https:\/\/www.omnibuslib.ca\/wp-content\/uploads\/2020\/10\/Case-1_-1536x864.jpg 1536w, https:\/\/www.omnibuslib.ca\/wp-content\/uploads\/2020\/10\/Case-1_-2048x1152.jpg 2048w\" sizes=\"auto, (max-width: 2560px) 100vw, 2560px\" \/><\/div><div class=\"phb-content text-center \" >\n                  <h4 style=\"color: #24436a;\">Cr\u00e9ez avec nous une liste de tirage pour les livres mensuels que vous souhaitez.<\/h4>\n                  <p >Arr\u00eatez \u00e0 tout moment, ajoute \u00e0 tout moment. Tout ce dont nous avons besoin est votre adresse e-mail et votre num\u00e9ro de t\u00e9l\u00e9phone. Nous pr\u00e9-commanderons pour vous et r\u00e9-commanderons les livres que vous avez manqu\u00e9s.<\/p><\/div><\/a><\/div>[\/vc_column][vc_column width=&#8221;1\/3&#8243;]<div class=\"kd-photobox  \" ><div class=\"photobox-img\"><img loading=\"lazy\" decoding=\"async\" width=\"2560\" height=\"1440\" src=\"https:\/\/www.omnibuslib.ca\/wp-content\/uploads\/2020\/10\/Case_2-scaled.jpg\" class=\"attachment-full\" alt=\"\" srcset=\"https:\/\/www.omnibuslib.ca\/wp-content\/uploads\/2020\/10\/Case_2-scaled.jpg 2560w, https:\/\/www.omnibuslib.ca\/wp-content\/uploads\/2020\/10\/Case_2-300x169.jpg 300w, https:\/\/www.omnibuslib.ca\/wp-content\/uploads\/2020\/10\/Case_2-1024x576.jpg 1024w, https:\/\/www.omnibuslib.ca\/wp-content\/uploads\/2020\/10\/Case_2-768x432.jpg 768w, https:\/\/www.omnibuslib.ca\/wp-content\/uploads\/2020\/10\/Case_2-1536x864.jpg 1536w, https:\/\/www.omnibuslib.ca\/wp-content\/uploads\/2020\/10\/Case_2-2048x1152.jpg 2048w\" sizes=\"auto, (max-width: 2560px) 100vw, 2560px\" \/><\/div><div class=\"phb-content text-left \" >\n                  <h4 style=\"color: #24436a;\">Nous trouverons ces livres qui sont d\u00e9j\u00e0 publier pour vous, s\u2019ils ne sont pas dans nos inventaires.<\/h4>\n                  <p >Nous pouvons le commander (si nous pouvons l'obtenir, nous l'aurons)!<\/p><\/div><\/div>[\/vc_column][vc_column width=&#8221;1\/3&#8243;]<div class=\"kd-photobox  \" ><a href=\"#1602289455524-ec158a0c-5e1e\"  title=\"\"><div class=\"photobox-img\"><img loading=\"lazy\" decoding=\"async\" width=\"2560\" height=\"1440\" src=\"https:\/\/www.omnibuslib.ca\/wp-content\/uploads\/2020\/10\/Case_6-scaled.jpg\" class=\"attachment-full\" alt=\"\" srcset=\"https:\/\/www.omnibuslib.ca\/wp-content\/uploads\/2020\/10\/Case_6-scaled.jpg 2560w, https:\/\/www.omnibuslib.ca\/wp-content\/uploads\/2020\/10\/Case_6-300x169.jpg 300w, https:\/\/www.omnibuslib.ca\/wp-content\/uploads\/2020\/10\/Case_6-1024x576.jpg 1024w, https:\/\/www.omnibuslib.ca\/wp-content\/uploads\/2020\/10\/Case_6-768x432.jpg 768w, https:\/\/www.omnibuslib.ca\/wp-content\/uploads\/2020\/10\/Case_6-1536x864.jpg 1536w, https:\/\/www.omnibuslib.ca\/wp-content\/uploads\/2020\/10\/Case_6-2048x1152.jpg 2048w\" sizes=\"auto, (max-width: 2560px) 100vw, 2560px\" \/><\/div><div class=\"phb-content text-center \" >\n                  <h4 style=\"color: #24436a;\">Nous pouvons \u00e9galement vous rencontrer au magasin et acheter des articles que vous voulez vous s\u00e9parer.<\/h4>\n                  <p >Nous n\u2019achetons pas tout, mais nous pouvons certainement parler de ce que vous avez et prendre rendez-vous pour voir si nous pouvons travailler quelque chose \u00e0 un prix \u00e9quitable.<\/p><\/div><\/a><\/div>[\/vc_column][\/vc_row][vc_row full_width=&#8221;stretch_row_content_no_spaces&#8221; css=&#8221;.vc_custom_1605186962929{padding-top: 20px !important;padding-bottom: 20px !important;}&#8221;][vc_column][vc_tta_tour style=&#8221;outline&#8221; shape=&#8221;square&#8221; color=&#8221;black&#8221; spacing=&#8221;4&#8243; gap=&#8221;5&#8243; active_section=&#8221;1&#8243; pagination_style=&#8221;outline-square&#8221; pagination_color=&#8221;blue&#8221; css=&#8221;.vc_custom_1605187133790{margin-right: 10px !important;margin-left: 10px !important;border-right-width: 10px !important;border-left-width: 10px !important;padding-top: 20px !important;padding-right: 50px !important;padding-bottom: 20px !important;padding-left: 50px !important;background-image: url(https:\/\/www.omnibuslib.ca\/wp-content\/uploads\/2020\/10\/3-Metal-Background-scaled.jpg?id=557) !important;}&#8221;][vc_tta_section title=&#8221;Information&#8221; tab_id=&#8221;1602289451743-6d82da7f-c614&#8243;][vc_row_inner][vc_column_inner width=&#8221;1\/2&#8243;][vc_single_image image=&#8221;881&#8243; img_size=&#8221;medium&#8221; alignment=&#8221;center&#8221;][\/vc_column_inner][vc_column_inner width=&#8221;1\/2&#8243;][vc_single_image image=&#8221;913&#8243; img_size=&#8221;medium&#8221; alignment=&#8221;center&#8221;][\/vc_column_inner][\/vc_row_inner][vc_row_inner css=&#8221;.vc_custom_1512737460788{padding-top: 100px !important;padding-bottom: 50px !important;}&#8221;][vc_column_inner css=&#8221;.vc_custom_1515750975948{padding-right: 0px !important;padding-left: 0px !important;}&#8221;][vc_column_text]<\/p>\n<h5 style=\"text-align: center;\"><strong><span style=\"color: #000000;\">Cliquez sur les liens ci-dessous pour plus d&#8217;information<\/span><\/strong><\/h5>\n<hr \/>\n<h5><\/h5>\n<p style=\"text-align: center;\"><strong><span style=\"color: #000000;\"><em><a style=\"color: #000000;\" href=\"https:\/\/www.previewsworld.com\/catalog\" target=\"_blank\" rel=\"noopener noreferrer\">Previews world<\/a>\u00a0 \u00a0<\/em>\u00a0 \u00a0 \u00a0 \u00a0 \u00a0 \u00a0 \u00a0 \u00a0 <em>DC<a style=\"color: #000000;\" href=\"https:\/\/www.dccomics.com\/comics\/dc-connect-2020\" target=\"_blank\" rel=\"noopener noreferrer\">\u00a0Connect<\/a><\/em><\/span><\/strong><\/p>\n<p>[\/vc_column_text][\/vc_column_inner][\/vc_row_inner][\/vc_tta_section][vc_tta_section title=&#8221;Pr\u00e9-commande\/commande&#8221; tab_id=&#8221;1602289451771-7f808b61-4f9c&#8221;][vc_custom_heading text=&#8221;Envoyez-nous vos r\u00e9f\u00e9rences ou pistes de recherche et nous vous conduirons \u00e0 votre pr\u00e9cieux.&#8221; font_container=&#8221;tag:h2|font_size:24|text_align:left&#8221; google_fonts=&#8221;font_family:Orbitron%3Aregular%2C500%2C700%2C900|font_style:400%20regular%3A400%3Anormal&#8221; css=&#8221;.vc_custom_1602814056325{padding-top: 10px !important;padding-bottom: 10px !important;padding-left: 10px !important;}&#8221;][tek_contactform contact_form_id=&#8221;6&#8243; contact_form_title=&#8221;Order&#8221; contact_form_style=&#8221;inline-cf&#8221; contact_form_bg=&#8221;white-input-bg&#8221; contact_form_label_color=&#8221;&#8221; css_animation=&#8221;&#8221;][\/vc_tta_section][vc_tta_section title=&#8221;Acheter et vendre&#8221; tab_id=&#8221;1602289455524-ec158a0c-5e1e&#8221;][vc_custom_heading text=&#8221;Vous souhaitez recharger notre Conservatoire? parlez-nous de votre collection et nous trouverons leur place ici.&#8221; font_container=&#8221;tag:h2|font_size:24|text_align:left&#8221; google_fonts=&#8221;font_family:Orbitron%3Aregular%2C500%2C700%2C900|font_style:400%20regular%3A400%3Anormal&#8221; css=&#8221;.vc_custom_1605200685627{padding-top: 10px !important;padding-bottom: 10px !important;padding-left: 10px !important;}&#8221;][tek_contactform contact_form_id=&#8221;6&#8243; contact_form_title=&#8221;Back-order&#8221; contact_form_style=&#8221;inline-cf&#8221; contact_form_bg=&#8221;white-input-bg&#8221; contact_form_label_color=&#8221;&#8221; css_animation=&#8221;&#8221;][\/vc_tta_section][\/vc_tta_tour][\/vc_column][\/vc_row][vc_row equal_height=&#8221;yes&#8221;][vc_column width=&#8221;1\/3&#8243;]<div class=\"kd-photobox  \" ><div class=\"photobox-img\"><img loading=\"lazy\" decoding=\"async\" width=\"2560\" height=\"1440\" src=\"https:\/\/www.omnibuslib.ca\/wp-content\/uploads\/2020\/10\/Case_3-scaled.jpg\" class=\"attachment-full\" alt=\"\" srcset=\"https:\/\/www.omnibuslib.ca\/wp-content\/uploads\/2020\/10\/Case_3-scaled.jpg 2560w, https:\/\/www.omnibuslib.ca\/wp-content\/uploads\/2020\/10\/Case_3-300x169.jpg 300w, https:\/\/www.omnibuslib.ca\/wp-content\/uploads\/2020\/10\/Case_3-1024x576.jpg 1024w, https:\/\/www.omnibuslib.ca\/wp-content\/uploads\/2020\/10\/Case_3-768x432.jpg 768w, https:\/\/www.omnibuslib.ca\/wp-content\/uploads\/2020\/10\/Case_3-1536x864.jpg 1536w, https:\/\/www.omnibuslib.ca\/wp-content\/uploads\/2020\/10\/Case_3-2048x1152.jpg 2048w\" sizes=\"auto, (max-width: 2560px) 100vw, 2560px\" \/><\/div><div class=\"phb-content text-left \" >\n                  <h4 style=\"color: #24436a;\">Nous vendons des livres de Trades Omnibus...<\/h4>\n                  <p >pour compl\u00e9ter votre collection ou la lancer.<\/p><\/div><\/div>[\/vc_column][vc_column width=&#8221;1\/3&#8243;]<div class=\"kd-photobox  \" ><div class=\"photobox-img\"><img loading=\"lazy\" decoding=\"async\" width=\"2560\" height=\"1211\" src=\"https:\/\/www.omnibuslib.ca\/wp-content\/uploads\/2020\/10\/Case_4-scaled.jpg\" class=\"attachment-full\" alt=\"\" srcset=\"https:\/\/www.omnibuslib.ca\/wp-content\/uploads\/2020\/10\/Case_4-scaled.jpg 2560w, https:\/\/www.omnibuslib.ca\/wp-content\/uploads\/2020\/10\/Case_4-300x142.jpg 300w, https:\/\/www.omnibuslib.ca\/wp-content\/uploads\/2020\/10\/Case_4-1024x485.jpg 1024w, https:\/\/www.omnibuslib.ca\/wp-content\/uploads\/2020\/10\/Case_4-768x363.jpg 768w, https:\/\/www.omnibuslib.ca\/wp-content\/uploads\/2020\/10\/Case_4-1536x727.jpg 1536w, https:\/\/www.omnibuslib.ca\/wp-content\/uploads\/2020\/10\/Case_4-2048x969.jpg 2048w\" sizes=\"auto, (max-width: 2560px) 100vw, 2560px\" \/><\/div><div class=\"phb-content text-center \" >\n                  <h4 style=\"color: #24436a;\">Nous vendons des objets de collection pour vous-m\u00eame ou pour un cadeau.<\/h4>\n                  <p >Nous pouvons commander certaines pi\u00e8ces aupr\u00e8s de nombreux fournisseurs. Nous pouvons \u00e9galement le mettre \u00e0 l'\u00e9cart, tout ce que vous avez \u00e0 faire est de vous assurer de le compl\u00e9ter tous les mois jusqu'\u00e0 ce qu'il soit rentable. Ensuite, il aura l'air g\u00e9nial dans votre maison.<\/p><\/div><\/div>[\/vc_column][vc_column width=&#8221;1\/3&#8243;]<div class=\"kd-photobox  \" ><div class=\"photobox-img\"><img loading=\"lazy\" decoding=\"async\" width=\"2560\" height=\"1440\" src=\"https:\/\/www.omnibuslib.ca\/wp-content\/uploads\/2020\/10\/Case_5-scaled.jpg\" class=\"attachment-full\" alt=\"\" srcset=\"https:\/\/www.omnibuslib.ca\/wp-content\/uploads\/2020\/10\/Case_5-scaled.jpg 2560w, https:\/\/www.omnibuslib.ca\/wp-content\/uploads\/2020\/10\/Case_5-300x169.jpg 300w, https:\/\/www.omnibuslib.ca\/wp-content\/uploads\/2020\/10\/Case_5-1024x576.jpg 1024w, https:\/\/www.omnibuslib.ca\/wp-content\/uploads\/2020\/10\/Case_5-768x432.jpg 768w, https:\/\/www.omnibuslib.ca\/wp-content\/uploads\/2020\/10\/Case_5-1536x864.jpg 1536w, https:\/\/www.omnibuslib.ca\/wp-content\/uploads\/2020\/10\/Case_5-2048x1152.jpg 2048w\" sizes=\"auto, (max-width: 2560px) 100vw, 2560px\" \/><\/div><div class=\"phb-content text-center \" >\n                  <h4 style=\"color: #24436a;\">Nos bacs d\u2019aubaine ont quelque chose pour tout le monde.<\/h4>\n                  <p >En tant que librairie, nous avons une bonne s\u00e9lection sur les ensembles complets et si ce bijou que vous cherchiez est l\u00e0, nous sommes heureux que vous l\u2019avez trouv\u00e9 avec nous.<\/p><\/div><\/div>[\/vc_column][\/vc_row][vc_row full_height=&#8221;yes&#8221; css=&#8221;.vc_custom_1604347411841{padding-bottom: 20px !important;background-position: center !important;background-repeat: no-repeat !important;background-size: contain !important;}&#8221;][vc_column width=&#8221;1\/2&#8243;]<div class=\"kd-photobox  \" ><div class=\"photobox-img\"><img loading=\"lazy\" decoding=\"async\" width=\"1000\" height=\"562\" src=\"https:\/\/www.omnibuslib.ca\/wp-content\/uploads\/2020\/10\/GIF-PAGE-4-A.gif\" class=\"attachment-full\" alt=\"\" \/><\/div><div class=\"phb-content text-center \" >\n                  <h4 >Welcome to Omnibus Bookstore!!! <\/h4>\n                  <p ><\/p><\/div><\/div>[\/vc_column][vc_column width=&#8221;1\/2&#8243;]<div class=\"kd-photobox  \" ><div class=\"photobox-img\"><img loading=\"lazy\" decoding=\"async\" width=\"640\" height=\"480\" src=\"https:\/\/www.omnibuslib.ca\/wp-content\/uploads\/2020\/10\/GIF-PAGE-4-B.gif\" class=\"attachment-full\" alt=\"\" \/><\/div><div class=\"phb-content text-center \" >\n                  <h4 >Librairie Omnibus vous attends!!!<\/h4>\n                  <p ><\/p><\/div><\/div>[\/vc_column][\/vc_row]<\/p>\n","protected":false},"excerpt":{"rendered":"<p>[vc_row css=&#8221;.vc_custom_1603054660151{margin-bottom: 32px !important;}&#8221;][vc_column width=&#8221;1\/6&#8243;][\/vc_column][vc_column width=&#8221;2\/3&#8243;][vc_custom_heading text=&#8221;Il y a beaucoup de choses que nous pouvons faire pour vous en tant que client. C\u2019est votre multiverse de services.&#8221; [&hellip;]<\/p>\n","protected":false},"author":1,"featured_media":0,"parent":0,"menu_order":0,"comment_status":"closed","ping_status":"closed","template":"","meta":{"_exactmetrics_skip_tracking":false,"_exactmetrics_sitenote_active":false,"_exactmetrics_sitenote_note":"","_exactmetrics_sitenote_category":0,"footnotes":""},"class_list":["post-970","page","type-page","status-publish","hentry"],"_links":{"self":[{"href":"https:\/\/www.omnibuslib.ca\/index.php?rest_route=\/wp\/v2\/pages\/970","targetHints":{"allow":["GET"]}}],"collection":[{"href":"https:\/\/www.omnibuslib.ca\/index.php?rest_route=\/wp\/v2\/pages"}],"about":[{"href":"https:\/\/www.omnibuslib.ca\/index.php?rest_route=\/wp\/v2\/types\/page"}],"author":[{"embeddable":true,"href":"https:\/\/www.omnibuslib.ca\/index.php?rest_route=\/wp\/v2\/users\/1"}],"replies":[{"embeddable":true,"href":"https:\/\/www.omnibuslib.ca\/index.php?rest_route=%2Fwp%2Fv2%2Fcomments&post=970"}],"version-history":[{"count":10,"href":"https:\/\/www.omnibuslib.ca\/index.php?rest_route=\/wp\/v2\/pages\/970\/revisions"}],"predecessor-version":[{"id":1291,"href":"https:\/\/www.omnibuslib.ca\/index.php?rest_route=\/wp\/v2\/pages\/970\/revisions\/1291"}],"wp:attachment":[{"href":"https:\/\/www.omnibuslib.ca\/index.php?rest_route=%2Fwp%2Fv2%2Fmedia&parent=970"}],"curies":[{"name":"wp","href":"https:\/\/api.w.org\/{rel}","templated":true}]}}