{"id":966,"date":"2020-10-21T22:57:29","date_gmt":"2020-10-21T22:57:29","guid":{"rendered":"https:\/\/www.omnibuslib.ca\/?page_id=966"},"modified":"2020-11-13T16:12:30","modified_gmt":"2020-11-13T16:12:30","slug":"chapitre-2-conservatoire-de-genial","status":"publish","type":"page","link":"https:\/\/www.omnibuslib.ca\/?page_id=966&lang=fr","title":{"rendered":"Chapitre #2 Conservatoire de g\u00e9nial"},"content":{"rendered":"<p>[vc_row full_width=&#8221;stretch_row&#8221; css=&#8221;.vc_custom_1605199803661{margin-top: 60px !important;border-top-width: 40px !important;padding-top: 30px !important;background-image: url(https:\/\/www.omnibuslib.ca\/wp-content\/uploads\/2020\/10\/dublin-ireland-july-14-2018-the-long-room-in-the-t-7MQAP59-1-scaled.jpg?id=357) !important;}&#8221;][vc_column][vc_custom_heading text=&#8221;Voici tout ce que nous avons et plus encore dans notre magasin. Les \u00e9chantillons ici sont de 15 $ \u00e0 400 $ et tout ce qui existe entre les deux. Il y en a pour tous les go\u00fbts et nous nous assurons d\u2019\u00eatre toujours justes avec nos prix.&#8221; font_container=&#8221;tag:h3|font_size:28|text_align:center|color:%23feef44&#8243; google_fonts=&#8221;font_family:Marcellus%20SC%3Aregular|font_style:400%20regular%3A400%3Anormal&#8221; css=&#8221;.vc_custom_1605200126412{padding-top: 5px !important;padding-bottom: 5px !important;background-color: #2b4722 !important;border-radius: 5px !important;}&#8221;][vc_empty_space height=&#8221;20&#8243;][\/vc_column][\/vc_row][vc_row full_width=&#8221;stretch_row&#8221; css=&#8221;.vc_custom_1605199902830{padding-top: 40px !important;padding-bottom: 60px !important;background-image: url(https:\/\/www.omnibuslib.ca\/wp-content\/uploads\/2020\/10\/dublin-ireland-july-14-2018-the-long-room-in-the-t-UMYTLHX-1-scaled.jpg?id=353) !important;}&#8221;][vc_column css=&#8221;.vc_custom_1516352543297{padding-right: 0px !important;}&#8221;]<div class=\"mg-gallery mg-container row \"><div class=\"mg-sizer\"><\/div><div class=\"mg-single-img small-masonry-img\"><a data-size=\"640x480\" href=https:\/\/www.omnibuslib.ca\/wp-content\/uploads\/2020\/10\/GIF-PAGE-3-A.gif  ><img loading=\"lazy\" decoding=\"async\" width=\"640\" height=\"480\" src=\"https:\/\/www.omnibuslib.ca\/wp-content\/uploads\/2020\/10\/GIF-PAGE-3-A.gif\" class=\"attachment-full\" alt=\"\" \/><\/a><\/div><div class=\"mg-single-img small-masonry-img\"><a data-size=\"1024x485\" href=https:\/\/www.omnibuslib.ca\/wp-content\/uploads\/2020\/09\/20200713_173333-1-1024x485.jpg  ><img loading=\"lazy\" decoding=\"async\" width=\"2560\" height=\"1211\" src=\"https:\/\/www.omnibuslib.ca\/wp-content\/uploads\/2020\/09\/20200713_173333-1-scaled.jpg\" class=\"attachment-full\" alt=\"\" srcset=\"https:\/\/www.omnibuslib.ca\/wp-content\/uploads\/2020\/09\/20200713_173333-1-scaled.jpg 2560w, https:\/\/www.omnibuslib.ca\/wp-content\/uploads\/2020\/09\/20200713_173333-1-300x142.jpg 300w, https:\/\/www.omnibuslib.ca\/wp-content\/uploads\/2020\/09\/20200713_173333-1-1024x485.jpg 1024w, https:\/\/www.omnibuslib.ca\/wp-content\/uploads\/2020\/09\/20200713_173333-1-768x363.jpg 768w, https:\/\/www.omnibuslib.ca\/wp-content\/uploads\/2020\/09\/20200713_173333-1-1536x727.jpg 1536w, https:\/\/www.omnibuslib.ca\/wp-content\/uploads\/2020\/09\/20200713_173333-1-2048x969.jpg 2048w\" sizes=\"auto, (max-width: 2560px) 100vw, 2560px\" \/><\/a><\/div><div class=\"mg-single-img small-masonry-img\"><a data-size=\"640x480\" href=https:\/\/www.omnibuslib.ca\/wp-content\/uploads\/2020\/10\/GIF-PAGE-3-B.gif  ><img loading=\"lazy\" decoding=\"async\" width=\"640\" height=\"480\" src=\"https:\/\/www.omnibuslib.ca\/wp-content\/uploads\/2020\/10\/GIF-PAGE-3-B.gif\" class=\"attachment-large\" alt=\"\" \/><\/a><\/div><div class=\"mg-single-img small-masonry-img\"><a data-size=\"1024x576\" href=https:\/\/www.omnibuslib.ca\/wp-content\/uploads\/2020\/09\/20200918_141347-1024x576.jpg  ><img loading=\"lazy\" decoding=\"async\" width=\"2560\" height=\"1440\" src=\"https:\/\/www.omnibuslib.ca\/wp-content\/uploads\/2020\/09\/20200918_141347-scaled.jpg\" class=\"attachment-full\" alt=\"\" srcset=\"https:\/\/www.omnibuslib.ca\/wp-content\/uploads\/2020\/09\/20200918_141347-scaled.jpg 2560w, https:\/\/www.omnibuslib.ca\/wp-content\/uploads\/2020\/09\/20200918_141347-300x169.jpg 300w, https:\/\/www.omnibuslib.ca\/wp-content\/uploads\/2020\/09\/20200918_141347-1024x576.jpg 1024w, https:\/\/www.omnibuslib.ca\/wp-content\/uploads\/2020\/09\/20200918_141347-768x432.jpg 768w, https:\/\/www.omnibuslib.ca\/wp-content\/uploads\/2020\/09\/20200918_141347-1536x864.jpg 1536w, https:\/\/www.omnibuslib.ca\/wp-content\/uploads\/2020\/09\/20200918_141347-2048x1152.jpg 2048w\" sizes=\"auto, (max-width: 2560px) 100vw, 2560px\" \/><\/a><\/div><div class=\"mg-single-img big-masonry-img\"><a data-size=\"1024x576\" href=https:\/\/www.omnibuslib.ca\/wp-content\/uploads\/2020\/09\/20200918_141441-1024x576.jpg  ><img loading=\"lazy\" decoding=\"async\" width=\"2560\" height=\"1440\" src=\"https:\/\/www.omnibuslib.ca\/wp-content\/uploads\/2020\/09\/20200918_141441-scaled.jpg\" class=\"attachment-full\" alt=\"\" srcset=\"https:\/\/www.omnibuslib.ca\/wp-content\/uploads\/2020\/09\/20200918_141441-scaled.jpg 2560w, https:\/\/www.omnibuslib.ca\/wp-content\/uploads\/2020\/09\/20200918_141441-300x169.jpg 300w, https:\/\/www.omnibuslib.ca\/wp-content\/uploads\/2020\/09\/20200918_141441-1024x576.jpg 1024w, https:\/\/www.omnibuslib.ca\/wp-content\/uploads\/2020\/09\/20200918_141441-768x432.jpg 768w, https:\/\/www.omnibuslib.ca\/wp-content\/uploads\/2020\/09\/20200918_141441-1536x864.jpg 1536w, https:\/\/www.omnibuslib.ca\/wp-content\/uploads\/2020\/09\/20200918_141441-2048x1152.jpg 2048w\" sizes=\"auto, (max-width: 2560px) 100vw, 2560px\" \/><\/a><\/div><div class=\"mg-single-img small-masonry-img\"><a data-size=\"1024x576\" href=https:\/\/www.omnibuslib.ca\/wp-content\/uploads\/2020\/09\/20200918_141451-1024x576.jpg  ><img loading=\"lazy\" decoding=\"async\" width=\"2560\" height=\"1440\" src=\"https:\/\/www.omnibuslib.ca\/wp-content\/uploads\/2020\/09\/20200918_141451-scaled.jpg\" class=\"attachment-full\" alt=\"\" srcset=\"https:\/\/www.omnibuslib.ca\/wp-content\/uploads\/2020\/09\/20200918_141451-scaled.jpg 2560w, https:\/\/www.omnibuslib.ca\/wp-content\/uploads\/2020\/09\/20200918_141451-300x169.jpg 300w, https:\/\/www.omnibuslib.ca\/wp-content\/uploads\/2020\/09\/20200918_141451-1024x576.jpg 1024w, https:\/\/www.omnibuslib.ca\/wp-content\/uploads\/2020\/09\/20200918_141451-768x432.jpg 768w, https:\/\/www.omnibuslib.ca\/wp-content\/uploads\/2020\/09\/20200918_141451-1536x864.jpg 1536w, https:\/\/www.omnibuslib.ca\/wp-content\/uploads\/2020\/09\/20200918_141451-2048x1152.jpg 2048w\" sizes=\"auto, (max-width: 2560px) 100vw, 2560px\" \/><\/a><\/div><\/div>[\/vc_column][\/vc_row][vc_row full_width=&#8221;stretch_row&#8221; kd_image_overlay_color=&#8221;rgba(0,0,0,0.5)&#8221; kd_image_overlay=&#8221;true&#8221; css=&#8221;.vc_custom_1605200288394{padding-top: 40px !important;padding-bottom: 60px !important;background-image: url(https:\/\/www.omnibuslib.ca\/wp-content\/uploads\/2020\/10\/dublin-ireland-july-14-2018-the-long-room-in-the-t-4R8KMB7-1-scaled.jpg?id=355) !important;}&#8221;][vc_column css=&#8221;.vc_custom_1516352543297{padding-right: 0px !important;}&#8221;][vc_custom_heading text=&#8221;Nous nous assurerons que la valeur du livre que vous obtenez correspond \u00e0 ce que nous savons \u00eatre la valeur marchande.&#8221; font_container=&#8221;tag:h2|font_size:28|text_align:center|color:%23feef44&#8243; google_fonts=&#8221;font_family:Marcellus%20SC%3Aregular|font_style:400%20regular%3A400%3Anormal&#8221; css=&#8221;.vc_custom_1602704605595{margin-right: 25px !important;margin-left: 25px !important;border-right-width: 25px !important;border-left-width: 25px !important;padding-top: 20px !important;padding-bottom: 20px !important;background-color: #2b4722 !important;}&#8221;]<div class=\"mg-gallery mg-container row \"><div class=\"mg-sizer\"><\/div><div class=\"mg-single-img small-masonry-img\"><a data-size=\"1024x576\" href=https:\/\/www.omnibuslib.ca\/wp-content\/uploads\/2020\/09\/20200918_141610-1024x576.jpg  ><img loading=\"lazy\" decoding=\"async\" width=\"2560\" height=\"1440\" src=\"https:\/\/www.omnibuslib.ca\/wp-content\/uploads\/2020\/09\/20200918_141610-scaled.jpg\" class=\"attachment-full\" alt=\"\" srcset=\"https:\/\/www.omnibuslib.ca\/wp-content\/uploads\/2020\/09\/20200918_141610-scaled.jpg 2560w, https:\/\/www.omnibuslib.ca\/wp-content\/uploads\/2020\/09\/20200918_141610-300x169.jpg 300w, https:\/\/www.omnibuslib.ca\/wp-content\/uploads\/2020\/09\/20200918_141610-1024x576.jpg 1024w, https:\/\/www.omnibuslib.ca\/wp-content\/uploads\/2020\/09\/20200918_141610-768x432.jpg 768w, https:\/\/www.omnibuslib.ca\/wp-content\/uploads\/2020\/09\/20200918_141610-1536x864.jpg 1536w, https:\/\/www.omnibuslib.ca\/wp-content\/uploads\/2020\/09\/20200918_141610-2048x1152.jpg 2048w\" sizes=\"auto, (max-width: 2560px) 100vw, 2560px\" \/><\/a><\/div><div class=\"mg-single-img small-masonry-img\"><a data-size=\"1024x576\" href=https:\/\/www.omnibuslib.ca\/wp-content\/uploads\/2020\/09\/20200918_141643-1024x576.jpg  ><img loading=\"lazy\" decoding=\"async\" width=\"2560\" height=\"1440\" src=\"https:\/\/www.omnibuslib.ca\/wp-content\/uploads\/2020\/09\/20200918_141643-scaled.jpg\" class=\"attachment-full\" alt=\"\" srcset=\"https:\/\/www.omnibuslib.ca\/wp-content\/uploads\/2020\/09\/20200918_141643-scaled.jpg 2560w, https:\/\/www.omnibuslib.ca\/wp-content\/uploads\/2020\/09\/20200918_141643-300x169.jpg 300w, https:\/\/www.omnibuslib.ca\/wp-content\/uploads\/2020\/09\/20200918_141643-1024x576.jpg 1024w, https:\/\/www.omnibuslib.ca\/wp-content\/uploads\/2020\/09\/20200918_141643-768x432.jpg 768w, https:\/\/www.omnibuslib.ca\/wp-content\/uploads\/2020\/09\/20200918_141643-1536x864.jpg 1536w, https:\/\/www.omnibuslib.ca\/wp-content\/uploads\/2020\/09\/20200918_141643-2048x1152.jpg 2048w\" sizes=\"auto, (max-width: 2560px) 100vw, 2560px\" \/><\/a><\/div><div class=\"mg-single-img small-masonry-img\"><a data-size=\"1024x576\" href=https:\/\/www.omnibuslib.ca\/wp-content\/uploads\/2020\/09\/20200918_141706-1024x576.jpg  ><img loading=\"lazy\" decoding=\"async\" width=\"2560\" height=\"1440\" src=\"https:\/\/www.omnibuslib.ca\/wp-content\/uploads\/2020\/09\/20200918_141706-scaled.jpg\" class=\"attachment-full\" alt=\"\" srcset=\"https:\/\/www.omnibuslib.ca\/wp-content\/uploads\/2020\/09\/20200918_141706-scaled.jpg 2560w, https:\/\/www.omnibuslib.ca\/wp-content\/uploads\/2020\/09\/20200918_141706-300x169.jpg 300w, https:\/\/www.omnibuslib.ca\/wp-content\/uploads\/2020\/09\/20200918_141706-1024x576.jpg 1024w, https:\/\/www.omnibuslib.ca\/wp-content\/uploads\/2020\/09\/20200918_141706-768x432.jpg 768w, https:\/\/www.omnibuslib.ca\/wp-content\/uploads\/2020\/09\/20200918_141706-1536x864.jpg 1536w, https:\/\/www.omnibuslib.ca\/wp-content\/uploads\/2020\/09\/20200918_141706-2048x1152.jpg 2048w\" sizes=\"auto, (max-width: 2560px) 100vw, 2560px\" \/><\/a><\/div><div class=\"mg-single-img big-masonry-img\"><a data-size=\"1024x484\" href=https:\/\/www.omnibuslib.ca\/wp-content\/uploads\/2020\/09\/20200713_173435-scaled.jpg  ><img loading=\"lazy\" decoding=\"async\" width=\"2560\" height=\"1211\" src=\"https:\/\/www.omnibuslib.ca\/wp-content\/uploads\/2020\/09\/20200713_173435-scaled.jpg\" class=\"attachment-full\" alt=\"\" srcset=\"https:\/\/www.omnibuslib.ca\/wp-content\/uploads\/2020\/09\/20200713_173435-scaled.jpg 2560w, https:\/\/www.omnibuslib.ca\/wp-content\/uploads\/2020\/09\/20200713_173435-300x142.jpg 300w\" sizes=\"auto, (max-width: 2560px) 100vw, 2560px\" \/><\/a><\/div><div class=\"mg-single-img small-masonry-img\"><a data-size=\"1024x576\" href=https:\/\/www.omnibuslib.ca\/wp-content\/uploads\/2020\/09\/20200925_121059-1024x576.jpg  ><img loading=\"lazy\" decoding=\"async\" width=\"2560\" height=\"1440\" src=\"https:\/\/www.omnibuslib.ca\/wp-content\/uploads\/2020\/09\/20200925_121059-scaled.jpg\" class=\"attachment-full\" alt=\"\" srcset=\"https:\/\/www.omnibuslib.ca\/wp-content\/uploads\/2020\/09\/20200925_121059-scaled.jpg 2560w, https:\/\/www.omnibuslib.ca\/wp-content\/uploads\/2020\/09\/20200925_121059-300x169.jpg 300w, https:\/\/www.omnibuslib.ca\/wp-content\/uploads\/2020\/09\/20200925_121059-1024x576.jpg 1024w, https:\/\/www.omnibuslib.ca\/wp-content\/uploads\/2020\/09\/20200925_121059-768x432.jpg 768w, https:\/\/www.omnibuslib.ca\/wp-content\/uploads\/2020\/09\/20200925_121059-1536x864.jpg 1536w, https:\/\/www.omnibuslib.ca\/wp-content\/uploads\/2020\/09\/20200925_121059-2048x1152.jpg 2048w\" sizes=\"auto, (max-width: 2560px) 100vw, 2560px\" \/><\/a><\/div><div class=\"mg-single-img small-masonry-img\"><a data-size=\"1024x576\" href=https:\/\/www.omnibuslib.ca\/wp-content\/uploads\/2020\/09\/20200925_121105-1024x576.jpg  ><img loading=\"lazy\" decoding=\"async\" width=\"2560\" height=\"1440\" src=\"https:\/\/www.omnibuslib.ca\/wp-content\/uploads\/2020\/09\/20200925_121105-scaled.jpg\" class=\"attachment-full\" alt=\"\" srcset=\"https:\/\/www.omnibuslib.ca\/wp-content\/uploads\/2020\/09\/20200925_121105-scaled.jpg 2560w, https:\/\/www.omnibuslib.ca\/wp-content\/uploads\/2020\/09\/20200925_121105-300x169.jpg 300w, https:\/\/www.omnibuslib.ca\/wp-content\/uploads\/2020\/09\/20200925_121105-1024x576.jpg 1024w, https:\/\/www.omnibuslib.ca\/wp-content\/uploads\/2020\/09\/20200925_121105-768x432.jpg 768w, https:\/\/www.omnibuslib.ca\/wp-content\/uploads\/2020\/09\/20200925_121105-1536x864.jpg 1536w, https:\/\/www.omnibuslib.ca\/wp-content\/uploads\/2020\/09\/20200925_121105-2048x1152.jpg 2048w\" sizes=\"auto, (max-width: 2560px) 100vw, 2560px\" \/><\/a><\/div><div class=\"mg-single-img small-masonry-img\"><a data-size=\"1024x576\" href=https:\/\/www.omnibuslib.ca\/wp-content\/uploads\/2020\/10\/20200918_141412-1024x576.jpg  ><img loading=\"lazy\" decoding=\"async\" width=\"300\" height=\"169\" src=\"https:\/\/www.omnibuslib.ca\/wp-content\/uploads\/2020\/10\/20200918_141412-300x169.jpg\" class=\"attachment-medium\" alt=\"\" srcset=\"https:\/\/www.omnibuslib.ca\/wp-content\/uploads\/2020\/10\/20200918_141412-300x169.jpg 300w, https:\/\/www.omnibuslib.ca\/wp-content\/uploads\/2020\/10\/20200918_141412-1024x576.jpg 1024w, https:\/\/www.omnibuslib.ca\/wp-content\/uploads\/2020\/10\/20200918_141412-768x432.jpg 768w, https:\/\/www.omnibuslib.ca\/wp-content\/uploads\/2020\/10\/20200918_141412-1536x864.jpg 1536w, https:\/\/www.omnibuslib.ca\/wp-content\/uploads\/2020\/10\/20200918_141412-2048x1152.jpg 2048w\" sizes=\"auto, (max-width: 300px) 100vw, 300px\" \/><\/a><\/div><\/div>[\/vc_column][\/vc_row][vc_row full_width=&#8221;stretch_row&#8221; kd_image_overlay_color=&#8221;rgba(0,0,0,0.5)&#8221; kd_image_overlay=&#8221;true&#8221; css=&#8221;.vc_custom_1605200229030{padding-top: 40px !important;padding-bottom: 60px !important;background-image: url(https:\/\/www.omnibuslib.ca\/wp-content\/uploads\/2020\/10\/cadre-2Fichier-1-50-5-scaled.jpg?id=362) !important;}&#8221;][vc_column][vc_custom_heading text=&#8221;En fin de compte, nous voulons que vous soyez bien en obtenant ce que vous voulez et que c\u2019est exactement ce que vous voulez. Nous allons vous poser des questions sur vos go\u00fbts et il y aura certainement quelque chose pour vous, au meilleur prix.&#8221; font_container=&#8221;tag:h2|font_size:28|text_align:center|color:%23feef44&#8243; google_fonts=&#8221;font_family:Marcellus%20SC%3Aregular|font_style:400%20regular%3A400%3Anormal&#8221; css=&#8221;.vc_custom_1602704677100{margin-right: 25px !important;margin-left: 25px !important;border-right-width: 25px !important;border-left-width: 25px !important;padding-top: 20px !important;padding-bottom: 20px !important;background-color: #2b4722 !important;}&#8221;][vc_row_inner][vc_column_inner width=&#8221;1\/2&#8243;][vc_masonry_media_grid grid_id=&#8221;vc_gid:1605283947160-812117c5402250cbc891502a3e80ae2b-3&#8243; include=&#8221;657,655,653,651,649&#8243;][\/vc_column_inner][vc_column_inner width=&#8221;1\/2&#8243;][vc_masonry_media_grid grid_id=&#8221;vc_gid:1605283947203-b2a328e0edaec8047373b16874abf96a-1&#8243; include=&#8221;647,645,643,641,611&#8243;][\/vc_column_inner][\/vc_row_inner][\/vc_column][\/vc_row]<\/p>\n","protected":false},"excerpt":{"rendered":"<p>[vc_row full_width=&#8221;stretch_row&#8221; css=&#8221;.vc_custom_1605199803661{margin-top: 60px !important;border-top-width: 40px !important;padding-top: 30px !important;background-image: url(https:\/\/www.omnibuslib.ca\/wp-content\/uploads\/2020\/10\/dublin-ireland-july-14-2018-the-long-room-in-the-t-7MQAP59-1-scaled.jpg?id=357) !important;}&#8221;][vc_column][vc_custom_heading text=&#8221;Voici tout ce que nous avons et plus encore dans notre magasin. Les \u00e9chantillons ici sont [&hellip;]<\/p>\n","protected":false},"author":1,"featured_media":0,"parent":0,"menu_order":0,"comment_status":"closed","ping_status":"closed","template":"","meta":{"_exactmetrics_skip_tracking":false,"_exactmetrics_sitenote_active":false,"_exactmetrics_sitenote_note":"","_exactmetrics_sitenote_category":0,"footnotes":""},"class_list":["post-966","page","type-page","status-publish","hentry"],"_links":{"self":[{"href":"https:\/\/www.omnibuslib.ca\/index.php?rest_route=\/wp\/v2\/pages\/966","targetHints":{"allow":["GET"]}}],"collection":[{"href":"https:\/\/www.omnibuslib.ca\/index.php?rest_route=\/wp\/v2\/pages"}],"about":[{"href":"https:\/\/www.omnibuslib.ca\/index.php?rest_route=\/wp\/v2\/types\/page"}],"author":[{"embeddable":true,"href":"https:\/\/www.omnibuslib.ca\/index.php?rest_route=\/wp\/v2\/users\/1"}],"replies":[{"embeddable":true,"href":"https:\/\/www.omnibuslib.ca\/index.php?rest_route=%2Fwp%2Fv2%2Fcomments&post=966"}],"version-history":[{"count":11,"href":"https:\/\/www.omnibuslib.ca\/index.php?rest_route=\/wp\/v2\/pages\/966\/revisions"}],"predecessor-version":[{"id":1297,"href":"https:\/\/www.omnibuslib.ca\/index.php?rest_route=\/wp\/v2\/pages\/966\/revisions\/1297"}],"wp:attachment":[{"href":"https:\/\/www.omnibuslib.ca\/index.php?rest_route=%2Fwp%2Fv2%2Fmedia&parent=966"}],"curies":[{"name":"wp","href":"https:\/\/api.w.org\/{rel}","templated":true}]}}