{"id":1301,"date":"2020-11-13T16:29:50","date_gmt":"2020-11-13T16:29:50","guid":{"rendered":"https:\/\/www.omnibuslib.ca\/?page_id=1301"},"modified":"2020-11-13T16:29:50","modified_gmt":"2020-11-13T16:29:50","slug":"termes-et-conditions","status":"publish","type":"page","link":"https:\/\/www.omnibuslib.ca\/?page_id=1301&lang=fr","title":{"rendered":"Termes et conditions"},"content":{"rendered":"<p>[vc_row][vc_column][vc_column_text]<\/p>\n<h2>Conditions et modalit\u00e9s<\/h2>\n<p>Bienvenue \u00e0 la librairie Omnibus !<\/p>\n<p>Les pr\u00e9sentes conditions g\u00e9n\u00e9rales d\u00e9crivent les r\u00e8gles et r\u00e9glementations relatives \u00e0 l&#8217;utilisation du site web de la librairie Omnibus, situ\u00e9 \u00e0 l&#8217;adresse www.omnibuslib.ca.<\/p>\n<p>En acc\u00e9dant \u00e0 ce site web, nous supposons que vous acceptez ces conditions g\u00e9n\u00e9rales. Ne continuez pas \u00e0 utiliser Omnibus Bookstore si vous n&#8217;acceptez pas l&#8217;ensemble des conditions g\u00e9n\u00e9rales \u00e9nonc\u00e9es sur cette page.<\/p>\n<p>La terminologie suivante s&#8217;applique aux pr\u00e9sentes conditions g\u00e9n\u00e9rales, \u00e0 la d\u00e9claration de confidentialit\u00e9 et \u00e0 l&#8217;avis de non-responsabilit\u00e9, ainsi qu&#8217;\u00e0 tous les accords : &#8220;Client&#8221;, &#8220;Vous&#8221; et &#8220;Votre&#8221; font r\u00e9f\u00e9rence \u00e0 vous, la personne qui se connecte sur ce site web et qui respecte les conditions g\u00e9n\u00e9rales de la soci\u00e9t\u00e9. &#8220;La soci\u00e9t\u00e9&#8221;, &#8220;Nous&#8221;, &#8220;Notre&#8221;, &#8220;Nos&#8221; et &#8220;Notre&#8221;, font r\u00e9f\u00e9rence \u00e0 notre soci\u00e9t\u00e9. &#8220;Partie&#8221;, &#8220;Parties&#8221; ou &#8220;Nous&#8221;, d\u00e9signe \u00e0 la fois le Client et nous-m\u00eames. Tous les termes font r\u00e9f\u00e9rence \u00e0 l&#8217;offre, l&#8217;acceptation et la prise en compte du paiement n\u00e9cessaire pour entreprendre le processus de notre assistance au client de la mani\u00e8re la plus appropri\u00e9e dans le but expr\u00e8s de r\u00e9pondre aux besoins du client en ce qui concerne la fourniture des services indiqu\u00e9s par la soci\u00e9t\u00e9, conform\u00e9ment et sous r\u00e9serve du droit n\u00e9erlandais en vigueur. Toute utilisation de la terminologie ci-dessus ou d&#8217;autres mots au singulier, au pluriel, en majuscules et\/ou he\/she ou they, sont consid\u00e9r\u00e9s comme interchangeables et donc comme se r\u00e9f\u00e9rant \u00e0 la m\u00eame chose.<\/p>\n<h3>Cookies<\/h3>\n<p>Nous utilisons des cookies. En acc\u00e9dant \u00e0 la librairie Omnibus, vous avez accept\u00e9 d&#8217;utiliser des cookies en accord avec la politique de confidentialit\u00e9 de la librairie Omnibus.<\/p>\n<p>La plupart des sites web interactifs utilisent des cookies pour nous permettre de retrouver les coordonn\u00e9es de l&#8217;utilisateur \u00e0 chaque visite. Les cookies sont utilis\u00e9s par notre site web pour activer la fonctionnalit\u00e9 de certaines zones afin de faciliter la visite de notre site. Certains de nos partenaires publicitaires\/affili\u00e9s peuvent \u00e9galement utiliser des cookies.<\/p>\n<h3>Licence<\/h3>\n<p>Sauf indication contraire, Omnibus Bookstore et\/ou ses conc\u00e9dants de licence d\u00e9tiennent les droits de propri\u00e9t\u00e9 intellectuelle pour tout le mat\u00e9riel sur Omnibus Bookstore. Tous les droits de propri\u00e9t\u00e9 intellectuelle sont r\u00e9serv\u00e9s. Vous pouvez y acc\u00e9der depuis Omnibus Bookstore pour votre usage personnel, sous r\u00e9serve des restrictions d\u00e9finies dans les pr\u00e9sentes conditions g\u00e9n\u00e9rales.<\/p>\n<p>Vous ne devez pas:<\/p>\n<ul>\n<li>Republier du mat\u00e9riel de la librairie Omnibus<\/li>\n<li>Vendre, louer ou sous-licencier du mat\u00e9riel de la librairie Omnibus<\/li>\n<li>Reproduire, dupliquer ou copier le mat\u00e9riel de la Librairie Omnibus<\/li>\n<li>Redistribuer le contenu de la librairie Omnibus<\/li>\n<\/ul>\n<p>Le pr\u00e9sent accord prend effet \u00e0 la date du pr\u00e9sent document. Nos conditions g\u00e9n\u00e9rales ont \u00e9t\u00e9 cr\u00e9\u00e9es \u00e0 l&#8217;aide du <a href=\"https:\/\/www.termsandconditionsgenerator.com\">g\u00e9n\u00e9rateur de conditions g\u00e9n\u00e9rales<\/a> et du <a href=\"https:\/\/www.generateprivacypolicy.com\">g\u00e9n\u00e9rateur de politique de confidentialit\u00e9<\/a>.<\/p>\n<p>.<\/p>\n<p>Des parties de ce site web offrent aux utilisateurs la possibilit\u00e9 d&#8217;afficher et d&#8217;\u00e9changer des opinions et des informations dans certaines zones du site. La librairie Omnibus ne filtre, n&#8217;\u00e9dite, ne publie ni ne r\u00e9vise les commentaires avant leur pr\u00e9sence sur le site web. Les commentaires ne refl\u00e8tent pas les vues et les opinions de la librairie Omnibus, de ses agents et\/ou de ses affili\u00e9s. Les commentaires refl\u00e8tent les points de vue et les opinions de la personne qui publie ses points de vue et ses opinions. Dans la mesure permise par les lois applicables, Omnibus bookstore ne peut \u00eatre tenu responsable des commentaires ou de toute responsabilit\u00e9, dommage ou d\u00e9pense caus\u00e9s et\/ou subis suite \u00e0 l&#8217;utilisation et\/ou la publication et\/ou l&#8217;apparition des commentaires sur ce site web.<\/p>\n<p>La librairie Omnibus se r\u00e9serve le droit de surveiller tous les commentaires et de supprimer tout commentaire pouvant \u00eatre consid\u00e9r\u00e9 comme inappropri\u00e9, offensant ou entra\u00eenant une violation des pr\u00e9sentes conditions g\u00e9n\u00e9rales.<\/p>\n<p>Vous garantissez et repr\u00e9sentez que:<\/p>\n<ul>\n<li>Vous \u00eates autoris\u00e9 \u00e0 publier les commentaires sur notre site web et vous disposez de toutes les licences et autorisations n\u00e9cessaires pour le faire;<\/li>\n<li>Les commentaires n&#8217;enfreignent aucun droit de propri\u00e9t\u00e9 intellectuelle, y compris, sans limitation, les droits d&#8217;auteur, les brevets ou les marques d\u00e9pos\u00e9es de tiers;<\/li>\n<li>Les commentaires ne contiennent aucun \u00e9l\u00e9ment diffamatoire, injurieux, offensant, ind\u00e9cent ou autrement ill\u00e9gal constituant une atteinte \u00e0 la vie priv\u00e9e<\/li>\n<li>Les commentaires ne seront pas utilis\u00e9s pour solliciter ou promouvoir des affaires ou des coutumes ou pr\u00e9senter des activit\u00e9s commerciales ou des activit\u00e9s ill\u00e9gales.<\/li>\n<\/ul>\n<p>Vous accordez par la pr\u00e9sente \u00e0 la librairie Omnibus une licence non exclusive pour utiliser, reproduire, \u00e9diter et autoriser d&#8217;autres personnes \u00e0 utiliser, reproduire et \u00e9diter l&#8217;un de vos Commentaires sous toutes les formes, formats ou supports.<\/p>\n<h3>Hyperlien vers notre contenu<\/h3>\n<p>Les organisations suivantes peuvent cr\u00e9er des liens vers notre site web sans autorisation \u00e9crite pr\u00e9alable:<\/p>\n<p>Les organisations suivantes peuvent cr\u00e9er des liens vers notre site web sans autorisation \u00e9crite pr\u00e9alable:<\/p>\n<ul>\n<li>Agences gouvernementales;<\/li>\n<li>Moteurs de recherche;<\/li>\n<li>Organismes d&#8217;information;<\/li>\n<li>Les distributeurs d&#8217;annuaires en ligne peuvent \u00e9tablir un lien vers notre site web de la m\u00eame mani\u00e8re qu&#8217;ils \u00e9tablissent un hyperlien vers les sites web d&#8217;autres entreprises r\u00e9pertori\u00e9es ; et<\/li>\n<li>Entreprises accr\u00e9dit\u00e9es \u00e0 l&#8217;\u00e9chelle du syst\u00e8me, \u00e0 l&#8217;exception des organismes de sollicitation \u00e0 but non lucratif, des centres commerciaux de bienfaisance et des groupes de collecte de fonds \u00e0 des fins caritatives qui ne peuvent pas \u00e9tablir d&#8217;hyperliens avec notre site web.<\/li>\n<\/ul>\n<p>Ces organisations peuvent cr\u00e9er des liens vers notre page d&#8217;accueil, vers des publications ou vers d&#8217;autres informations du site web, \u00e0 condition que le lien soit bien \u00e9tabli : (a) ne soit en aucune fa\u00e7on trompeur ; (b) n&#8217;implique pas faussement le parrainage, l&#8217;approbation ou l&#8217;aval de la partie qui \u00e9tablit le lien et de ses produits et\/ou services ; et (c) s&#8217;inscrive dans le contexte du site de la partie qui \u00e9tablit le lien.<\/p>\n<p>Nous pouvons examiner et approuver d&#8217;autres demandes de liens \u00e9manant des types d&#8217;organisations suivants:<\/p>\n<ul>\n<li>sources d&#8217;information courantes sur les consommateurs et\/ou les entreprises;<\/li>\n<li>dot.com sites communautaires;<\/li>\n<li>associations ou autres groupes repr\u00e9sentant des organisations caritatives;<\/li>\n<li>distributeurs d&#8217;annuaires en ligne;<\/li>\n<li>portails Internet;<\/li>\n<li>comptabilit\u00e9, droit et cabinets de conseil ; et<\/li>\n<li>\u00e9tablissements d&#8217;enseignement et associations professionnelles.<\/li>\n<\/ul>\n<p>Nous approuverons les demandes de liens de ces organisations si nous en d\u00e9cidons ainsi : (a) le lien ne nous ferait pas para\u00eetre d\u00e9favorable \u00e0 nous-m\u00eames ou \u00e0 nos entreprises accr\u00e9dit\u00e9es ; (b) l&#8217;organisation n&#8217;a pas d&#8217;enregistrements n\u00e9gatifs chez nous ; (c) l&#8217;avantage que nous procure la visibilit\u00e9 de l&#8217;hyperlien compense l&#8217;absence de librairie Omnibus ; et (d) le lien se situe dans le contexte d&#8217;informations de ressources g\u00e9n\u00e9rales.<\/p>\n<p>Ces organisations peuvent mettre un lien vers notre page d&#8217;accueil, \u00e0 condition que le lien soit bien visible : (a) ne soit en aucune fa\u00e7on trompeur ; (b) n&#8217;implique pas faussement le parrainage, l&#8217;approbation ou l&#8217;aval de la partie qui \u00e9tablit le lien et de ses produits ou services ; et (c) s&#8217;inscrive dans le contexte du site de la partie qui \u00e9tablit le lien.<\/p>\n<p>Si vous \u00eates l&#8217;une des organisations \u00e9num\u00e9r\u00e9es au paragraphe 2 ci-dessus et que vous souhaitez cr\u00e9er un lien vers notre site web, vous devez nous en informer en envoyant un courriel \u00e0 Omnibus bookstore. Veuillez inclure votre nom, le nom de votre organisation, vos coordonn\u00e9es ainsi que l&#8217;URL de votre site, une liste des URL \u00e0 partir desquelles vous avez l&#8217;intention d&#8217;\u00e9tablir un lien vers notre site web, et une liste des URL de notre site vers lesquelles vous souhaitez \u00e9tablir un lien. Attendez 2 \u00e0 3 semaines pour obtenir une r\u00e9ponse.<\/p>\n<ul>\n<li>par l&#8217;utilisation de notre raison sociale ; ou<\/li>\n<li>En utilisant le localisateur de ressources uniformes auquel il est li\u00e9 ; ou<\/li>\n<li>En utilisant toute autre description de notre site web li\u00e9e \u00e0 celui-ci et qui a un sens dans le contexte et le format du contenu du site de la partie li\u00e9e.<\/li>\n<\/ul>\n<p>Aucune utilisation du logo de la librairie Omnibus ou d&#8217;autres illustrations ne sera autoris\u00e9e pour la cr\u00e9ation de liens en l&#8217;absence d&#8217;un accord de licence de marque.<\/p>\n<h3>iFrames<\/h3>\n<p>Sans autorisation pr\u00e9alable et \u00e9crite, vous ne pouvez pas cr\u00e9er de cadres autour de nos pages web qui alt\u00e8rent de quelque mani\u00e8re que ce soit la pr\u00e9sentation visuelle ou l&#8217;apparence de notre site web.<\/p>\n<h3>Contenu de la responsabilit\u00e9<\/h3>\n<p>Nous ne pouvons \u00eatre tenus responsables du contenu qui appara\u00eet sur votre site web. Vous acceptez de nous prot\u00e9ger et de nous d\u00e9fendre contre toute plainte qui pourrait \u00eatre d\u00e9pos\u00e9e sur votre site web. Aucun lien ne doit appara\u00eetre sur un site Web qui pourrait \u00eatre interpr\u00e9t\u00e9 comme diffamatoire, obsc\u00e8ne ou criminel, ou qui enfreint, viole ou pr\u00e9conise l&#8217;infraction ou toute autre violation des droits d&#8217;un tiers.<\/p>\n<h3>Votre vie priv\u00e9e<\/h3>\n<p>Veuillez lire la politique de confidentialit\u00e9<\/p>\n<h3>R\u00e9servation des droits<\/h3>\n<p>Nous nous r\u00e9servons le droit de vous demander de supprimer tous les liens ou tout lien particulier vers notre site web. Vous acceptez de supprimer imm\u00e9diatement tous les liens vers notre site web sur demande. Nous nous r\u00e9servons \u00e9galement le droit de modifier \u00e0 tout moment les pr\u00e9sentes conditions g\u00e9n\u00e9rales et notre politique en mati\u00e8re de liens. En vous connectant en permanence \u00e0 notre site web, vous acceptez d&#8217;\u00eatre li\u00e9 \u00e0 ces conditions g\u00e9n\u00e9rales et de les respecter.<\/p>\n<h3>Suppression des liens de notre site web<\/h3>\n<p>Si vous trouvez un lien sur notre site Web qui est offensant pour une raison quelconque, vous \u00eates libre de nous contacter et de nous en informer \u00e0 tout moment. Nous prendrons en consid\u00e9ration les demandes de suppression de liens, mais nous ne sommes pas oblig\u00e9s de le faire ou de vous r\u00e9pondre directement.<\/p>\n<p>Nous ne garantissons pas l&#8217;exactitude des informations figurant sur ce site web, nous ne garantissons pas leur exhaustivit\u00e9 ou leur exactitude ; nous ne promettons pas non plus de veiller \u00e0 ce que le site web reste disponible ou \u00e0 ce que le mat\u00e9riel figurant sur le site web soit tenu \u00e0 jour.<\/p>\n<h3>Disclaimer<\/h3>\n<p>Dans la mesure maximale permise par la loi applicable, nous excluons toutes les repr\u00e9sentations, garanties et conditions relatives \u00e0 notre site web et \u00e0 l&#8217;utilisation de ce site. Rien dans la pr\u00e9sente clause de non-responsabilit\u00e9 ne :<\/p>\n<ul>\n<li>limiter ou exclure notre ou votre responsabilit\u00e9 en cas de d\u00e9c\u00e8s ou de blessure corporelle;<\/li>\n<li>limiter ou exclure notre ou votre responsabilit\u00e9 en cas de fraude ou de fausse d\u00e9claration;<\/li>\n<li>limiter nos ou vos responsabilit\u00e9s de toute mani\u00e8re non autoris\u00e9e par le droit applicable ; ou<\/li>\n<li>exclure toute responsabilit\u00e9 qui ne peut \u00eatre exclue en vertu de la l\u00e9gislation applicable.<\/li>\n<\/ul>\n<p>[\/vc_column_text][\/vc_column][\/vc_row]<\/p>\n","protected":false},"excerpt":{"rendered":"<p>[vc_row][vc_column][vc_column_text] Conditions et modalit\u00e9s Bienvenue \u00e0 la librairie Omnibus ! Les pr\u00e9sentes conditions g\u00e9n\u00e9rales d\u00e9crivent les r\u00e8gles et r\u00e9glementations relatives \u00e0 l&#8217;utilisation du site web de la [&hellip;]<\/p>\n","protected":false},"author":1,"featured_media":0,"parent":0,"menu_order":0,"comment_status":"closed","ping_status":"closed","template":"","meta":{"_exactmetrics_skip_tracking":false,"_exactmetrics_sitenote_active":false,"_exactmetrics_sitenote_note":"","_exactmetrics_sitenote_category":0,"footnotes":""},"class_list":["post-1301","page","type-page","status-publish","hentry"],"_links":{"self":[{"href":"https:\/\/www.omnibuslib.ca\/index.php?rest_route=\/wp\/v2\/pages\/1301","targetHints":{"allow":["GET"]}}],"collection":[{"href":"https:\/\/www.omnibuslib.ca\/index.php?rest_route=\/wp\/v2\/pages"}],"about":[{"href":"https:\/\/www.omnibuslib.ca\/index.php?rest_route=\/wp\/v2\/types\/page"}],"author":[{"embeddable":true,"href":"https:\/\/www.omnibuslib.ca\/index.php?rest_route=\/wp\/v2\/users\/1"}],"replies":[{"embeddable":true,"href":"https:\/\/www.omnibuslib.ca\/index.php?rest_route=%2Fwp%2Fv2%2Fcomments&post=1301"}],"version-history":[{"count":1,"href":"https:\/\/www.omnibuslib.ca\/index.php?rest_route=\/wp\/v2\/pages\/1301\/revisions"}],"predecessor-version":[{"id":1302,"href":"https:\/\/www.omnibuslib.ca\/index.php?rest_route=\/wp\/v2\/pages\/1301\/revisions\/1302"}],"wp:attachment":[{"href":"https:\/\/www.omnibuslib.ca\/index.php?rest_route=%2Fwp%2Fv2%2Fmedia&parent=1301"}],"curies":[{"name":"wp","href":"https:\/\/api.w.org\/{rel}","templated":true}]}}